{"id":4485,"date":"2025-02-06T05:18:29","date_gmt":"2025-02-06T05:18:29","guid":{"rendered":"https:\/\/graffisk.com\/demo-slt\/?page_id=4485"},"modified":"2025-02-24T23:11:17","modified_gmt":"2025-02-24T23:11:17","slug":"nuestra-historia-2","status":"publish","type":"page","link":"https:\/\/graffisk.com\/demo-slt\/nuestra-historia-2\/","title":{"rendered":"Nuestra Historia 2"},"content":{"rendered":"\t\t<div data-elementor-type=\"wp-page\" data-elementor-id=\"4485\" class=\"elementor elementor-4485\" data-elementor-post-type=\"page\">\n\t\t\t\t<div class=\"elementor-element elementor-element-bb75ef9 e-flex e-con-boxed e-con e-parent\" data-id=\"bb75ef9\" data-element_type=\"container\" id=\"nosotros\" data-settings=\"{&quot;background_background&quot;:&quot;classic&quot;}\">\n\t\t\t\t\t<div class=\"e-con-inner\">\n\t\t\t\t<div class=\"elementor-element elementor-element-d3ed170 heading-default elementor-widget elementor-widget-mae-headings\" data-id=\"d3ed170\" data-element_type=\"widget\" data-widget_type=\"mae-headings.default\">\n\t\t\t\t<div class=\"elementor-widget-container\">\n\t\t\t\t\t\t\t<div class=\"master-heading sep-none\">\n\t\t\t\t        \t        \t<div class=\"pre-heading\"><span class=\"line\"><span class=\"inner\"><\/span><\/span>Nuestra<\/div>\n\t        \n\t        \n\t        \t        <h2 class=\"main-heading\">HISTORIA<\/h2>\n\t        \n\t        \n\t        \t            <div class=\"sub-heading\"><b> Un mismo equipo exportando sue\u00f1os <\/b>\n\nDesde 2014, en Grupo Selecta Import hemos llevado con orgullo un pedacito de Guatemala al mercado latino en Estados Unidos. Nuestro crecimiento nos llev\u00f3 a crear T\u00edpico y Artesano, una f\u00e1brica especializada en salsas y pan tradicional con el aut\u00e9ntico sabor guatemalteco. Apostando por la innovaci\u00f3n, fundamos Concepta, nuestra empresa dedicada al desarrollo de productos. En 2024, dimos un paso m\u00e1s con la apertura de Selecta Import en Dallas, acerc\u00e1ndonos a\u00fan m\u00e1s a nuestros clientes. <b>\u00a1Seguimos creciendo para compartir lo mejor de nuestros productos contigo! <\/b><\/div>\n\t        \t    <\/div>\n\t    \t\t\t\t<\/div>\n\t\t\t\t<\/div>\n\t\t\t\t\t<\/div>\n\t\t\t\t<\/div>\n\t\t<div class=\"elementor-element elementor-element-69866b0 e-flex e-con-boxed e-con e-parent\" data-id=\"69866b0\" data-element_type=\"container\">\n\t\t\t\t\t<div class=\"e-con-inner\">\n\t\t\t\t<div class=\"elementor-element elementor-element-38cc026 elementor-widget elementor-widget-spacer\" data-id=\"38cc026\" data-element_type=\"widget\" data-widget_type=\"spacer.default\">\n\t\t\t\t<div class=\"elementor-widget-container\">\n\t\t\t\t\t\t\t<div class=\"elementor-spacer\">\n\t\t\t<div class=\"elementor-spacer-inner\"><\/div>\n\t\t<\/div>\n\t\t\t\t\t\t<\/div>\n\t\t\t\t<\/div>\n\t\t\t\t\t<\/div>\n\t\t\t\t<\/div>\n\t\t<div class=\"elementor-element elementor-element-f842a2d e-flex e-con-boxed e-con e-parent\" data-id=\"f842a2d\" data-element_type=\"container\">\n\t\t\t\t\t<div class=\"e-con-inner\">\n\t\t\t\t<div class=\"elementor-element elementor-element-1249bdf elementor-widget-tablet__width-initial elementor-widget elementor-widget-image\" data-id=\"1249bdf\" data-element_type=\"widget\" data-widget_type=\"image.default\">\n\t\t\t\t<div class=\"elementor-widget-container\">\n\t\t\t\t\t\t\t\t\t\t\t\t\t\t\t<img fetchpriority=\"high\" decoding=\"async\" width=\"1024\" height=\"606\" src=\"https:\/\/graffisk.com\/demo-slt\/wp-content\/uploads\/2025\/02\/historia0historia-1024x606.png\" class=\"attachment-large size-large wp-image-4495\" alt=\"\" srcset=\"https:\/\/graffisk.com\/demo-slt\/wp-content\/uploads\/2025\/02\/historia0historia-1024x606.png 1024w, https:\/\/graffisk.com\/demo-slt\/wp-content\/uploads\/2025\/02\/historia0historia-300x178.png 300w, https:\/\/graffisk.com\/demo-slt\/wp-content\/uploads\/2025\/02\/historia0historia-768x454.png 768w, https:\/\/graffisk.com\/demo-slt\/wp-content\/uploads\/2025\/02\/historia0historia-1536x909.png 1536w, https:\/\/graffisk.com\/demo-slt\/wp-content\/uploads\/2025\/02\/historia0historia-2048x1212.png 2048w\" sizes=\"(max-width: 1024px) 100vw, 1024px\" \/>\t\t\t\t\t\t\t\t\t\t\t\t\t\t\t<\/div>\n\t\t\t\t<\/div>\n\t\t\t\t\t<\/div>\n\t\t\t\t<\/div>\n\t\t<div class=\"elementor-element elementor-element-01564d0 e-flex e-con-boxed e-con e-parent\" data-id=\"01564d0\" data-element_type=\"container\">\n\t\t\t\t\t<div class=\"e-con-inner\">\n\t\t\t\t<div class=\"elementor-element elementor-element-9bcb634 elementor-widget elementor-widget-spacer\" data-id=\"9bcb634\" data-element_type=\"widget\" data-widget_type=\"spacer.default\">\n\t\t\t\t<div class=\"elementor-widget-container\">\n\t\t\t\t\t\t\t<div class=\"elementor-spacer\">\n\t\t\t<div class=\"elementor-spacer-inner\"><\/div>\n\t\t<\/div>\n\t\t\t\t\t\t<\/div>\n\t\t\t\t<\/div>\n\t\t\t\t\t<\/div>\n\t\t\t\t<\/div>\n\t\t<div class=\"elementor-element elementor-element-90e87a1 e-flex e-con-boxed e-con e-parent\" data-id=\"90e87a1\" data-element_type=\"container\">\n\t\t\t\t\t<div class=\"e-con-inner\">\n\t\t<div class=\"elementor-element elementor-element-3b5d83b e-con-full e-grid elementor-invisible e-con e-child\" data-id=\"3b5d83b\" data-element_type=\"container\" data-settings=\"{&quot;animation&quot;:&quot;fadeIn&quot;}\">\n\t\t\t\t<div class=\"elementor-element elementor-element-29eced0 image-box-style-4 align-center elementor-widget__width-initial elementor-widget elementor-widget-mae-image-box\" data-id=\"29eced0\" data-element_type=\"widget\" data-widget_type=\"mae-image-box.default\">\n\t\t\t\t<div class=\"elementor-widget-container\">\n\t\t\t\t\t                <div class=\"master-image-box \">\n                                            <div class=\"inner\">\n                    <div class=\"thumb\"><div class=\"inner\"><img decoding=\"async\" width=\"651\" height=\"451\" src=\"https:\/\/graffisk.com\/demo-slt\/wp-content\/uploads\/2025\/02\/selecta-aderezo.png\" class=\"attachment-full size-full\" alt=\"\" srcset=\"https:\/\/graffisk.com\/demo-slt\/wp-content\/uploads\/2025\/02\/selecta-aderezo.png 651w, https:\/\/graffisk.com\/demo-slt\/wp-content\/uploads\/2025\/02\/selecta-aderezo-300x208.png 300w\" sizes=\"(max-width: 651px) 100vw, 651px\" \/><\/div><\/div>                    <div class=\"content-wrap\">\n                        <div class=\"desc\"><p>Cat\u00e1logo Salsas Selecta<\/p><\/div>            <div class=\"url-wrap\">\n                <a class=\"master-link  icon-none\" href=\"#\">\n                                        <span>Selecta<\/span>\n                                    <\/a>\n            <\/div>\n\n                                <\/div>\n                <\/div>\n                    <\/div>\n        \t\t\t\t<\/div>\n\t\t\t\t<\/div>\n\t\t\t\t<div class=\"elementor-element elementor-element-21f858e align-center elementor-widget elementor-widget-mae-button\" data-id=\"21f858e\" data-element_type=\"widget\" data-widget_type=\"mae-button.default\">\n\t\t\t\t<div class=\"elementor-widget-container\">\n\t\t\t\t\t\n        \n        <a class=\"master-button btn-accent icon-right medium btn-hover-1\" href=\"https:\/\/graffisk.com\/demo-slt\/wp-content\/uploads\/2025\/02\/Selecta-y-Pika-Riko-Catalogo-Salsas.pdf\" \n            >\n\n            <span class=\"inner\">\n                <span class=\"content-base\">\n                                        <span class=\"text\">Cat\u00e1logo<\/span>\n                    <span class=\"icon fas fa-arrow-down\"><\/span>                <\/span>\n\n                <span class=\"content-hover\">\n                                        <span class=\"text\">Cat\u00e1logo<\/span>\n                    <span class=\"icon fas fa-arrow-down\"><\/span>                <\/span>\n            <\/span>\n\n            <span class=\"bg-hover\"><\/span>        <\/a>\n\n        \t\t\t\t<\/div>\n\t\t\t\t<\/div>\n\t\t\t\t<\/div>\n\t\t<div class=\"elementor-element elementor-element-5b7b463 e-con-full e-grid elementor-invisible e-con e-child\" data-id=\"5b7b463\" data-element_type=\"container\" data-settings=\"{&quot;animation&quot;:&quot;fadeIn&quot;}\">\n\t\t\t\t<div class=\"elementor-element elementor-element-bbddc23 image-box-style-4 align-center elementor-widget__width-initial elementor-widget elementor-widget-mae-image-box\" data-id=\"bbddc23\" data-element_type=\"widget\" data-widget_type=\"mae-image-box.default\">\n\t\t\t\t<div class=\"elementor-widget-container\">\n\t\t\t\t\t                <div class=\"master-image-box \">\n                                            <div class=\"inner\">\n                    <div class=\"thumb\"><div class=\"inner\"><img decoding=\"async\" width=\"651\" height=\"451\" src=\"https:\/\/graffisk.com\/demo-slt\/wp-content\/uploads\/2025\/02\/pan-tipico.png\" class=\"attachment-full size-full\" alt=\"\" srcset=\"https:\/\/graffisk.com\/demo-slt\/wp-content\/uploads\/2025\/02\/pan-tipico.png 651w, https:\/\/graffisk.com\/demo-slt\/wp-content\/uploads\/2025\/02\/pan-tipico-300x208.png 300w\" sizes=\"(max-width: 651px) 100vw, 651px\" \/><\/div><\/div>                    <div class=\"content-wrap\">\n                        <div class=\"desc\"><p>Pan T\u00edpico Guatemalteco hecho en Guatemala<\/p><\/div>            <div class=\"url-wrap\">\n                <a class=\"master-link  icon-none\" href=\"#\">\n                                        <span>Selecta<\/span>\n                                    <\/a>\n            <\/div>\n\n                                <\/div>\n                <\/div>\n                    <\/div>\n        \t\t\t\t<\/div>\n\t\t\t\t<\/div>\n\t\t\t\t<div class=\"elementor-element elementor-element-c239c6a align-center elementor-widget elementor-widget-mae-button\" data-id=\"c239c6a\" data-element_type=\"widget\" data-widget_type=\"mae-button.default\">\n\t\t\t\t<div class=\"elementor-widget-container\">\n\t\t\t\t\t\n        \n        <a class=\"master-button btn-accent icon-right medium btn-hover-2\" href=\"https:\/\/graffisk.com\/demo-slt\/wp-content\/uploads\/2025\/02\/Catalogo-Pan-Tipico.pdf\" \n            >\n\n            <span class=\"inner\">\n                <span class=\"content-base\">\n                                        <span class=\"text\">Cat\u00e1logo<\/span>\n                    <span class=\"icon fas fa-arrow-down\"><\/span>                <\/span>\n\n                <span class=\"content-hover\">\n                                        <span class=\"text\">Cat\u00e1logo<\/span>\n                    <span class=\"icon fas fa-arrow-down\"><\/span>                <\/span>\n            <\/span>\n\n            <span class=\"bg-hover\"><\/span>        <\/a>\n\n        \t\t\t\t<\/div>\n\t\t\t\t<\/div>\n\t\t\t\t<\/div>\n\t\t<div class=\"elementor-element elementor-element-edc834b e-con-full e-grid elementor-invisible e-con e-child\" data-id=\"edc834b\" data-element_type=\"container\" data-settings=\"{&quot;animation&quot;:&quot;fadeIn&quot;}\">\n\t\t\t\t<div class=\"elementor-element elementor-element-990490d image-box-style-4 align-center elementor-widget elementor-widget-mae-image-box\" data-id=\"990490d\" data-element_type=\"widget\" data-widget_type=\"mae-image-box.default\">\n\t\t\t\t<div class=\"elementor-widget-container\">\n\t\t\t\t\t                <div class=\"master-image-box \">\n                                            <div class=\"inner\">\n                    <div class=\"thumb\"><div class=\"inner\"><img loading=\"lazy\" decoding=\"async\" width=\"651\" height=\"451\" src=\"https:\/\/graffisk.com\/demo-slt\/wp-content\/uploads\/2025\/02\/pika-riko.png\" class=\"attachment-full size-full\" alt=\"\" srcset=\"https:\/\/graffisk.com\/demo-slt\/wp-content\/uploads\/2025\/02\/pika-riko.png 651w, https:\/\/graffisk.com\/demo-slt\/wp-content\/uploads\/2025\/02\/pika-riko-300x208.png 300w\" sizes=\"(max-width: 651px) 100vw, 651px\" \/><\/div><\/div>                    <div class=\"content-wrap\">\n                        <div class=\"desc\"><p>Pika Rico - Salsas Picantes hechas en Guatemala<\/p><\/div>            <div class=\"url-wrap\">\n                <a class=\"master-link  icon-none\" href=\"#\">\n                                        <span>Pika Riko<\/span>\n                                    <\/a>\n            <\/div>\n\n                                <\/div>\n                <\/div>\n                    <\/div>\n        \t\t\t\t<\/div>\n\t\t\t\t<\/div>\n\t\t\t\t<div class=\"elementor-element elementor-element-55e4c2f align-center elementor-widget elementor-widget-mae-button\" data-id=\"55e4c2f\" data-element_type=\"widget\" data-widget_type=\"mae-button.default\">\n\t\t\t\t<div class=\"elementor-widget-container\">\n\t\t\t\t\t\n        \n        <a class=\"master-button btn-accent icon-right medium btn-hover-2\" href=\"https:\/\/graffisk.com\/demo-slt\/wp-content\/uploads\/2025\/02\/Selecta-y-Pika-Riko-Catalogo-Salsas.pdf\" \n            >\n\n            <span class=\"inner\">\n                <span class=\"content-base\">\n                                        <span class=\"text\">Cat\u00e1logo<\/span>\n                    <span class=\"icon fas fa-arrow-down\"><\/span>                <\/span>\n\n                <span class=\"content-hover\">\n                                        <span class=\"text\">Cat\u00e1logo<\/span>\n                    <span class=\"icon fas fa-arrow-down\"><\/span>                <\/span>\n            <\/span>\n\n            <span class=\"bg-hover\"><\/span>        <\/a>\n\n        \t\t\t\t<\/div>\n\t\t\t\t<\/div>\n\t\t\t\t<\/div>\n\t\t<div class=\"elementor-element elementor-element-091f209 e-con-full e-grid elementor-invisible e-con e-child\" data-id=\"091f209\" data-element_type=\"container\" data-settings=\"{&quot;animation&quot;:&quot;fadeIn&quot;}\">\n\t\t\t\t<div class=\"elementor-element elementor-element-420df6f image-box-style-4 align-center elementor-widget elementor-widget-mae-image-box\" data-id=\"420df6f\" data-element_type=\"widget\" data-widget_type=\"mae-image-box.default\">\n\t\t\t\t<div class=\"elementor-widget-container\">\n\t\t\t\t\t                <div class=\"master-image-box \">\n                                            <div class=\"inner\">\n                    <div class=\"thumb\"><div class=\"inner\"><img loading=\"lazy\" decoding=\"async\" width=\"651\" height=\"451\" src=\"https:\/\/graffisk.com\/demo-slt\/wp-content\/uploads\/2025\/02\/nostalgicos.png\" class=\"attachment-full size-full\" alt=\"\" srcset=\"https:\/\/graffisk.com\/demo-slt\/wp-content\/uploads\/2025\/02\/nostalgicos.png 651w, https:\/\/graffisk.com\/demo-slt\/wp-content\/uploads\/2025\/02\/nostalgicos-300x208.png 300w\" sizes=\"(max-width: 651px) 100vw, 651px\" \/><\/div><\/div>                    <div class=\"content-wrap\">\n                        <div class=\"desc\"><p>Pika Rico - Salsas Picantes hechas en Guatemala<\/p><\/div>            <div class=\"url-wrap\">\n                <a class=\"master-link  icon-none\" href=\"#\">\n                                        <span>Pika Riko<\/span>\n                                    <\/a>\n            <\/div>\n\n                                <\/div>\n                <\/div>\n                    <\/div>\n        \t\t\t\t<\/div>\n\t\t\t\t<\/div>\n\t\t\t\t<div class=\"elementor-element elementor-element-2e9ce3e align-center elementor-widget elementor-widget-mae-button\" data-id=\"2e9ce3e\" data-element_type=\"widget\" data-widget_type=\"mae-button.default\">\n\t\t\t\t<div class=\"elementor-widget-container\">\n\t\t\t\t\t\n        \n        <a class=\"master-button btn-accent icon-right medium btn-hover-2\" href=\"https:\/\/graffisk.com\/demo-slt\/wp-content\/uploads\/2025\/02\/Catalogo-Selecta-Import-Productos-Nostalgicos.pdf\" \n            >\n\n            <span class=\"inner\">\n                <span class=\"content-base\">\n                                        <span class=\"text\">Cat\u00e1logo<\/span>\n                    <span class=\"icon fas fa-arrow-down\"><\/span>                <\/span>\n\n                <span class=\"content-hover\">\n                                        <span class=\"text\">Cat\u00e1logo<\/span>\n                    <span class=\"icon fas fa-arrow-down\"><\/span>                <\/span>\n            <\/span>\n\n            <span class=\"bg-hover\"><\/span>        <\/a>\n\n        \t\t\t\t<\/div>\n\t\t\t\t<\/div>\n\t\t\t\t<\/div>\n\t\t\t\t\t<\/div>\n\t\t\t\t<\/div>\n\t\t\t\t<\/div>\n\t\t\n    <div class=\"xs_social_share_widget xs_share_url after_content \t\tmain_content  wslu-style-1 wslu-share-box-shaped wslu-fill-colored wslu-none wslu-share-horizontal wslu-theme-font-no wslu-main_content\">\n\n\t\t\n        <ul>\n\t\t\t        <\/ul>\n    <\/div> \n","protected":false},"excerpt":{"rendered":"<p>Nuestra HISTORIA Un mismo equipo exportando sue\u00f1os Desde 2014, en Grupo Selecta Import hemos llevado con orgullo un pedacito de Guatemala al mercado latino en Estados Unidos. Nuestro crecimiento nos llev\u00f3 a crear T\u00edpico y Artesano, una f\u00e1brica especializada en salsas y pan tradicional con el aut\u00e9ntico sabor guatemalteco. Apostando<\/p>\n","protected":false},"author":1,"featured_media":0,"parent":0,"menu_order":0,"comment_status":"closed","ping_status":"closed","template":"","meta":{"inline_featured_image":false,"footnotes":""},"class_list":["post-4485","page","type-page","status-publish","hentry"],"yoast_head":"<!-- This site is optimized with the Yoast SEO plugin v27.2 - https:\/\/yoast.com\/product\/yoast-seo-wordpress\/ -->\n<title>Nuestra Historia 2 - slt<\/title>\n<meta name=\"robots\" content=\"index, follow, max-snippet:-1, max-image-preview:large, max-video-preview:-1\" \/>\n<link rel=\"canonical\" href=\"https:\/\/graffisk.com\/demo-slt\/nuestra-historia-2\/\" \/>\n<meta property=\"og:locale\" content=\"en_US\" \/>\n<meta property=\"og:type\" content=\"article\" \/>\n<meta property=\"og:title\" content=\"Nuestra Historia 2 - slt\" \/>\n<meta property=\"og:description\" content=\"Nuestra HISTORIA Un mismo equipo exportando sue\u00f1os Desde 2014, en Grupo Selecta Import hemos llevado con orgullo un pedacito de Guatemala al mercado latino en Estados Unidos. Nuestro crecimiento nos llev\u00f3 a crear T\u00edpico y Artesano, una f\u00e1brica especializada en salsas y pan tradicional con el aut\u00e9ntico sabor guatemalteco. Apostando\" \/>\n<meta property=\"og:url\" content=\"https:\/\/graffisk.com\/demo-slt\/nuestra-historia-2\/\" \/>\n<meta property=\"og:site_name\" content=\"slt\" \/>\n<meta property=\"article:modified_time\" content=\"2025-02-24T23:11:17+00:00\" \/>\n<meta property=\"og:image\" content=\"https:\/\/graffisk.com\/demo-slt\/wp-content\/uploads\/2025\/02\/historia0historia.png\" \/>\n\t<meta property=\"og:image:width\" content=\"2885\" \/>\n\t<meta property=\"og:image:height\" content=\"1707\" \/>\n\t<meta property=\"og:image:type\" content=\"image\/png\" \/>\n<meta name=\"twitter:card\" content=\"summary_large_image\" \/>\n<meta name=\"twitter:label1\" content=\"Est. reading time\" \/>\n\t<meta name=\"twitter:data1\" content=\"2 minutes\" \/>\n<script type=\"application\/ld+json\" class=\"yoast-schema-graph\">{\"@context\":\"https:\/\/schema.org\",\"@graph\":[{\"@type\":\"WebPage\",\"@id\":\"https:\/\/graffisk.com\/demo-slt\/nuestra-historia-2\/\",\"url\":\"https:\/\/graffisk.com\/demo-slt\/nuestra-historia-2\/\",\"name\":\"Nuestra Historia 2 - slt\",\"isPartOf\":{\"@id\":\"https:\/\/graffisk.com\/demo-slt\/#website\"},\"primaryImageOfPage\":{\"@id\":\"https:\/\/graffisk.com\/demo-slt\/nuestra-historia-2\/#primaryimage\"},\"image\":{\"@id\":\"https:\/\/graffisk.com\/demo-slt\/nuestra-historia-2\/#primaryimage\"},\"thumbnailUrl\":\"https:\/\/graffisk.com\/demo-slt\/wp-content\/uploads\/2025\/02\/historia0historia-1024x606.png\",\"datePublished\":\"2025-02-06T05:18:29+00:00\",\"dateModified\":\"2025-02-24T23:11:17+00:00\",\"breadcrumb\":{\"@id\":\"https:\/\/graffisk.com\/demo-slt\/nuestra-historia-2\/#breadcrumb\"},\"inLanguage\":\"en-US\",\"potentialAction\":[{\"@type\":\"ReadAction\",\"target\":[\"https:\/\/graffisk.com\/demo-slt\/nuestra-historia-2\/\"]}]},{\"@type\":\"ImageObject\",\"inLanguage\":\"en-US\",\"@id\":\"https:\/\/graffisk.com\/demo-slt\/nuestra-historia-2\/#primaryimage\",\"url\":\"https:\/\/graffisk.com\/demo-slt\/wp-content\/uploads\/2025\/02\/historia0historia.png\",\"contentUrl\":\"https:\/\/graffisk.com\/demo-slt\/wp-content\/uploads\/2025\/02\/historia0historia.png\",\"width\":2885,\"height\":1707},{\"@type\":\"BreadcrumbList\",\"@id\":\"https:\/\/graffisk.com\/demo-slt\/nuestra-historia-2\/#breadcrumb\",\"itemListElement\":[{\"@type\":\"ListItem\",\"position\":1,\"name\":\"Home\",\"item\":\"https:\/\/graffisk.com\/demo-slt\/\"},{\"@type\":\"ListItem\",\"position\":2,\"name\":\"Nuestra Historia 2\"}]},{\"@type\":\"WebSite\",\"@id\":\"https:\/\/graffisk.com\/demo-slt\/#website\",\"url\":\"https:\/\/graffisk.com\/demo-slt\/\",\"name\":\"slt\",\"description\":\"\",\"publisher\":{\"@id\":\"https:\/\/graffisk.com\/demo-slt\/#organization\"},\"potentialAction\":[{\"@type\":\"SearchAction\",\"target\":{\"@type\":\"EntryPoint\",\"urlTemplate\":\"https:\/\/graffisk.com\/demo-slt\/?s={search_term_string}\"},\"query-input\":{\"@type\":\"PropertyValueSpecification\",\"valueRequired\":true,\"valueName\":\"search_term_string\"}}],\"inLanguage\":\"en-US\"},{\"@type\":\"Organization\",\"@id\":\"https:\/\/graffisk.com\/demo-slt\/#organization\",\"name\":\"slt\",\"url\":\"https:\/\/graffisk.com\/demo-slt\/\",\"logo\":{\"@type\":\"ImageObject\",\"inLanguage\":\"en-US\",\"@id\":\"https:\/\/graffisk.com\/demo-slt\/#\/schema\/logo\/image\/\",\"url\":\"https:\/\/graffisk.com\/demo-slt\/wp-content\/uploads\/2024\/05\/Imagen1-e1718397683345.jpg\",\"contentUrl\":\"https:\/\/graffisk.com\/demo-slt\/wp-content\/uploads\/2024\/05\/Imagen1-e1718397683345.jpg\",\"width\":315,\"height\":122,\"caption\":\"slt\"},\"image\":{\"@id\":\"https:\/\/graffisk.com\/demo-slt\/#\/schema\/logo\/image\/\"}}]}<\/script>\n<!-- \/ Yoast SEO plugin. -->","yoast_head_json":{"title":"Nuestra Historia 2 - slt","robots":{"index":"index","follow":"follow","max-snippet":"max-snippet:-1","max-image-preview":"max-image-preview:large","max-video-preview":"max-video-preview:-1"},"canonical":"https:\/\/graffisk.com\/demo-slt\/nuestra-historia-2\/","og_locale":"en_US","og_type":"article","og_title":"Nuestra Historia 2 - slt","og_description":"Nuestra HISTORIA Un mismo equipo exportando sue\u00f1os Desde 2014, en Grupo Selecta Import hemos llevado con orgullo un pedacito de Guatemala al mercado latino en Estados Unidos. Nuestro crecimiento nos llev\u00f3 a crear T\u00edpico y Artesano, una f\u00e1brica especializada en salsas y pan tradicional con el aut\u00e9ntico sabor guatemalteco. Apostando","og_url":"https:\/\/graffisk.com\/demo-slt\/nuestra-historia-2\/","og_site_name":"slt","article_modified_time":"2025-02-24T23:11:17+00:00","og_image":[{"width":2885,"height":1707,"url":"https:\/\/graffisk.com\/demo-slt\/wp-content\/uploads\/2025\/02\/historia0historia.png","type":"image\/png"}],"twitter_card":"summary_large_image","twitter_misc":{"Est. reading time":"2 minutes"},"schema":{"@context":"https:\/\/schema.org","@graph":[{"@type":"WebPage","@id":"https:\/\/graffisk.com\/demo-slt\/nuestra-historia-2\/","url":"https:\/\/graffisk.com\/demo-slt\/nuestra-historia-2\/","name":"Nuestra Historia 2 - slt","isPartOf":{"@id":"https:\/\/graffisk.com\/demo-slt\/#website"},"primaryImageOfPage":{"@id":"https:\/\/graffisk.com\/demo-slt\/nuestra-historia-2\/#primaryimage"},"image":{"@id":"https:\/\/graffisk.com\/demo-slt\/nuestra-historia-2\/#primaryimage"},"thumbnailUrl":"https:\/\/graffisk.com\/demo-slt\/wp-content\/uploads\/2025\/02\/historia0historia-1024x606.png","datePublished":"2025-02-06T05:18:29+00:00","dateModified":"2025-02-24T23:11:17+00:00","breadcrumb":{"@id":"https:\/\/graffisk.com\/demo-slt\/nuestra-historia-2\/#breadcrumb"},"inLanguage":"en-US","potentialAction":[{"@type":"ReadAction","target":["https:\/\/graffisk.com\/demo-slt\/nuestra-historia-2\/"]}]},{"@type":"ImageObject","inLanguage":"en-US","@id":"https:\/\/graffisk.com\/demo-slt\/nuestra-historia-2\/#primaryimage","url":"https:\/\/graffisk.com\/demo-slt\/wp-content\/uploads\/2025\/02\/historia0historia.png","contentUrl":"https:\/\/graffisk.com\/demo-slt\/wp-content\/uploads\/2025\/02\/historia0historia.png","width":2885,"height":1707},{"@type":"BreadcrumbList","@id":"https:\/\/graffisk.com\/demo-slt\/nuestra-historia-2\/#breadcrumb","itemListElement":[{"@type":"ListItem","position":1,"name":"Home","item":"https:\/\/graffisk.com\/demo-slt\/"},{"@type":"ListItem","position":2,"name":"Nuestra Historia 2"}]},{"@type":"WebSite","@id":"https:\/\/graffisk.com\/demo-slt\/#website","url":"https:\/\/graffisk.com\/demo-slt\/","name":"slt","description":"","publisher":{"@id":"https:\/\/graffisk.com\/demo-slt\/#organization"},"potentialAction":[{"@type":"SearchAction","target":{"@type":"EntryPoint","urlTemplate":"https:\/\/graffisk.com\/demo-slt\/?s={search_term_string}"},"query-input":{"@type":"PropertyValueSpecification","valueRequired":true,"valueName":"search_term_string"}}],"inLanguage":"en-US"},{"@type":"Organization","@id":"https:\/\/graffisk.com\/demo-slt\/#organization","name":"slt","url":"https:\/\/graffisk.com\/demo-slt\/","logo":{"@type":"ImageObject","inLanguage":"en-US","@id":"https:\/\/graffisk.com\/demo-slt\/#\/schema\/logo\/image\/","url":"https:\/\/graffisk.com\/demo-slt\/wp-content\/uploads\/2024\/05\/Imagen1-e1718397683345.jpg","contentUrl":"https:\/\/graffisk.com\/demo-slt\/wp-content\/uploads\/2024\/05\/Imagen1-e1718397683345.jpg","width":315,"height":122,"caption":"slt"},"image":{"@id":"https:\/\/graffisk.com\/demo-slt\/#\/schema\/logo\/image\/"}}]}},"_links":{"self":[{"href":"https:\/\/graffisk.com\/demo-slt\/wp-json\/wp\/v2\/pages\/4485","targetHints":{"allow":["GET"]}}],"collection":[{"href":"https:\/\/graffisk.com\/demo-slt\/wp-json\/wp\/v2\/pages"}],"about":[{"href":"https:\/\/graffisk.com\/demo-slt\/wp-json\/wp\/v2\/types\/page"}],"author":[{"embeddable":true,"href":"https:\/\/graffisk.com\/demo-slt\/wp-json\/wp\/v2\/users\/1"}],"replies":[{"embeddable":true,"href":"https:\/\/graffisk.com\/demo-slt\/wp-json\/wp\/v2\/comments?post=4485"}],"version-history":[{"count":20,"href":"https:\/\/graffisk.com\/demo-slt\/wp-json\/wp\/v2\/pages\/4485\/revisions"}],"predecessor-version":[{"id":4657,"href":"https:\/\/graffisk.com\/demo-slt\/wp-json\/wp\/v2\/pages\/4485\/revisions\/4657"}],"wp:attachment":[{"href":"https:\/\/graffisk.com\/demo-slt\/wp-json\/wp\/v2\/media?parent=4485"}],"curies":[{"name":"wp","href":"https:\/\/api.w.org\/{rel}","templated":true}]}}